{"id":1509,"date":"2023-08-04T09:12:20","date_gmt":"2023-08-04T09:12:20","guid":{"rendered":"http:\/\/indevweb.site\/npu\/kontakt\/"},"modified":"2025-08-29T06:49:53","modified_gmt":"2025-08-29T06:49:53","slug":"contact","status":"publish","type":"page","link":"https:\/\/nonplusultra.eu\/de\/contact\/","title":{"rendered":"Contact"},"content":{"rendered":"\t\t<div data-elementor-type=\"wp-page\" data-elementor-id=\"1509\" class=\"elementor elementor-1509 elementor-16\">\n\t\t\t\t\t\t<section class=\"elementor-section elementor-top-section elementor-element elementor-element-c65b836 elementor-section-boxed elementor-section-height-default elementor-section-height-default\" data-id=\"c65b836\" data-element_type=\"section\">\n\t\t\t\t\t\t<div class=\"elementor-container elementor-column-gap-default\">\n\t\t\t\t\t<div class=\"elementor-column elementor-col-100 elementor-top-column elementor-element elementor-element-bd3825d\" data-id=\"bd3825d\" data-element_type=\"column\">\n\t\t\t<div class=\"elementor-widget-wrap elementor-element-populated\">\n\t\t\t\t\t\t<div class=\"elementor-element elementor-element-c86f5de elementor-widget elementor-widget-HeaderTopSection\" data-id=\"c86f5de\" data-element_type=\"widget\" data-widget_type=\"HeaderTopSection.default\">\n\t\t\t\t<div class=\"elementor-widget-container\">\n\t\t\t\t\t    <div class=\"page-start-section add_row_class overlap width-wide spacing-normal height-minheight\" row_class=\"page-start-section-row\">\n      <div class=\"container\">\n          <div class=\"page-start-section-content\">\n\n              <div class=\"page-start-head\">\n\n                                  <div class=\"page-start-image\" style=\"background-image:url(https:\/\/nonplusultra.eu\/wp-content\/uploads\/2024\/08\/Stage_Picture.jpg);\"><\/div>\n                \n                                  <div class=\"heading-container animate fade-left\">\n                                                                  <h1>Reach for the <br \/>\nStars with <br \/>\nnonplusultra<\/h1>\n                                                            <\/div>\n                \n              <\/div>\n              \n              <div class=\"page-start-body animate\">\n                                  <div class=\"subtitle\"><p>Bei nonplusultra bieten wir erstklassige Services, die Marken im <br \/>EMEA-Handelsmarkt erfolgreich machen. Interessiert? <br \/><strong>Kontaktieren Sie uns!<\/strong><\/p><\/div>\n                \n                              <\/div>\n              \n          <\/div>\n      <\/div>\n    <\/div>\n    \t\t\t\t<\/div>\n\t\t\t\t<\/div>\n\t\t\t\t\t<\/div>\n\t\t<\/div>\n\t\t\t\t\t<\/div>\n\t\t<\/section>\n\t\t\t\t<section class=\"elementor-section elementor-top-section elementor-element elementor-element-aa8b8d7 elementor-section-boxed elementor-section-height-default elementor-section-height-default\" data-id=\"aa8b8d7\" data-element_type=\"section\">\n\t\t\t\t\t\t<div class=\"elementor-container elementor-column-gap-default\">\n\t\t\t\t\t<div class=\"elementor-column elementor-col-100 elementor-top-column elementor-element elementor-element-e2333fe\" data-id=\"e2333fe\" data-element_type=\"column\">\n\t\t\t<div class=\"elementor-widget-wrap elementor-element-populated\">\n\t\t\t\t\t\t<div class=\"elementor-element elementor-element-fd142fc elementor-widget elementor-widget-TextsImageSection\" data-id=\"fd142fc\" data-element_type=\"widget\" data-widget_type=\"TextsImageSection.default\">\n\t\t\t\t<div class=\"elementor-widget-container\">\n\t\t\t\t\t    \r\n    <div class=\"texts-image-section add_row_class spacing-normal width-normal style-separated_col pos-image_left text-normal aligntext-normal aligntext-normal mobile-normal\" row_class=\"texts-image-section-row\">\r\n        <div class=\"container\">\r\n            <div class=\"texts-image-section-inner animate fade-bottom\">\r\n                                                                  \r\n                <div class=\"texts-image-content\">\r\n                    <div class=\"texts-image-content-inner\">\r\n\r\n                    \r\n                                                <div class=\"texts-image bg-image load__image animate\" data-src=\"https:\/\/nonplusultra.eu\/wp-content\/uploads\/2025\/04\/LisaBierbrauer-1-scaled.jpg\"><\/div>\r\n                                          <\/div>\r\n\r\n                    <div class=\"texts-section-content-inner animate\">\r\n                                                      <div class=\"texts-section-content\">\r\n                                  <h2>Explore Retail\nCosmos Together<\/h2>\nBereit, Ihre Marke zu st\u00e4rken? Kontaktieren Sie noch heute Lisa Bierbrauer und lassen Sie uns gemeinsam durchstarten!                              <\/div>\r\n                                                              <div class=\"texts-section-contact\">\r\n                                  <div class=\"item-text-section-contact\">\r\n                                                                                                                <a class=\"button_whatsapp link-wrapper\" href=\"https:\/\/wa.me\/+491713366934\" target=\"_blank\"><\/a>\r\n                                                                      <\/div>\r\n                                  <div class=\"item-text-section-contact\">\r\n                                                                                                                <a class=\"button_linkedin link-wrapper\" href=\"https:\/\/www.linkedin.com\/in\/lisabierbrauer\/ \" target=\"_blank\"><\/a>\r\n                                                                      <\/div>\r\n                                <\/div>\r\n                                                                                                        <div class=\"button-container-wrapper\">\r\n                                                            <div class=\"button-container button-container-noarrow animation-rocket\">\r\n                                                                          <span class=\"rocket\"><\/span>\r\n                                                                        <a class=\"button\" href=\"mailto:contact@nonplusultra.eu\" target=\"_self\">E-Mail Lisa Bierbrauer<\/a>\r\n                                <\/div>\r\n                            \r\n                                                      <\/div>\r\n                                            <\/div>\r\n                <\/div>\r\n            <\/div>\r\n                            <div class=\"text-under animate\">\r\n                    <p>F\u00fcr allgemeine Anfragen kontaktieren Sie uns bitte \u00fcber das Kontaktformular oder die folgenden Kontaktm\u00f6glichkeiten:<\/p><ul><li>E-Mail: <a href=\"mailto:contact@nonplusultra.eu\">contact@nonplusultra.eu<\/a><\/li><li>Anschrift: nonplusultra Sales GmbH, August-Everding-Stra\u00dfe 25, 81671 M\u00fcnchen, Deutschland<\/li><\/ul>                <\/div>\r\n                    <\/div>\r\n    <\/div>\r\n\r\n    \t\t\t\t<\/div>\n\t\t\t\t<\/div>\n\t\t\t\t\t<\/div>\n\t\t<\/div>\n\t\t\t\t\t<\/div>\n\t\t<\/section>\n\t\t\t\t<\/div>\n\t\t","protected":false},"excerpt":{"rendered":"<p>Reach for the Stars with nonplusultra Bei nonplusultra bieten wir erstklassige Services, die Marken im EMEA-Handelsmarkt erfolgreich machen. Interessiert? Kontaktieren Sie uns! Explore Retail Cosmos Together Bereit, Ihre Marke zu st\u00e4rken? Kontaktieren Sie noch heute Lisa Bierbrauer und lassen Sie uns gemeinsam durchstarten! E-Mail Lisa Bierbrauer F\u00fcr allgemeine Anfragen kontaktieren Sie uns bitte \u00fcber das [&hellip;]<\/p>\n","protected":false},"author":1,"featured_media":0,"parent":0,"menu_order":0,"comment_status":"closed","ping_status":"closed","template":"","meta":{"_acf_changed":false,"inline_featured_image":false,"footnotes":""},"class_list":["post-1509","page","type-page","status-publish","hentry"],"acf":[],"yoast_head":"<!-- This site is optimized with the Yoast SEO Premium plugin v25.4 (Yoast SEO v25.4) - https:\/\/yoast.com\/wordpress\/plugins\/seo\/ -->\n<title>Kontaktieren Sie uns f\u00fcr ihren Erfolg im Fachhandel<\/title>\n<meta name=\"robots\" content=\"index, follow, max-snippet:-1, max-image-preview:large, max-video-preview:-1\" \/>\n<link rel=\"canonical\" href=\"https:\/\/nonplusultra.eu\/de\/contact\/\" \/>\n<meta property=\"og:locale\" content=\"de_DE\" \/>\n<meta property=\"og:type\" content=\"article\" \/>\n<meta property=\"og:title\" content=\"Contact\" \/>\n<meta property=\"og:description\" content=\"Reach for the Stars with nonplusultra Bei nonplusultra bieten wir erstklassige Services, die Marken im EMEA-Handelsmarkt erfolgreich machen. Interessiert? Kontaktieren Sie uns! Explore Retail Cosmos Together Bereit, Ihre Marke zu st\u00e4rken? Kontaktieren Sie noch heute Lisa Bierbrauer und lassen Sie uns gemeinsam durchstarten! E-Mail Lisa Bierbrauer F\u00fcr allgemeine Anfragen kontaktieren Sie uns bitte \u00fcber das [&hellip;]\" \/>\n<meta property=\"og:url\" content=\"https:\/\/nonplusultra.eu\/de\/contact\/\" \/>\n<meta property=\"og:site_name\" content=\"nonplusultra - Your EMEA Retail Growth Partners\" \/>\n<meta property=\"article:modified_time\" content=\"2025-08-29T06:49:53+00:00\" \/>\n<meta name=\"twitter:card\" content=\"summary_large_image\" \/>\n<meta name=\"twitter:label1\" content=\"Gesch\u00e4tzte Lesezeit\" \/>\n\t<meta name=\"twitter:data1\" content=\"1 Minute\" \/>\n<script type=\"application\/ld+json\" class=\"yoast-schema-graph\">{\"@context\":\"https:\/\/schema.org\",\"@graph\":[{\"@type\":\"WebPage\",\"@id\":\"https:\/\/nonplusultra.eu\/de\/contact\/\",\"url\":\"https:\/\/nonplusultra.eu\/de\/contact\/\",\"name\":\"Kontaktieren Sie uns f\u00fcr ihren Erfolg im Fachhandel\",\"isPartOf\":{\"@id\":\"https:\/\/nonplusultra.eu\/#website\"},\"datePublished\":\"2023-08-04T09:12:20+00:00\",\"dateModified\":\"2025-08-29T06:49:53+00:00\",\"breadcrumb\":{\"@id\":\"https:\/\/nonplusultra.eu\/de\/contact\/#breadcrumb\"},\"inLanguage\":\"de-DE\",\"potentialAction\":[{\"@type\":\"ReadAction\",\"target\":[\"https:\/\/nonplusultra.eu\/de\/contact\/\"]}]},{\"@type\":\"BreadcrumbList\",\"@id\":\"https:\/\/nonplusultra.eu\/de\/contact\/#breadcrumb\",\"itemListElement\":[{\"@type\":\"ListItem\",\"position\":1,\"name\":\"Home\",\"item\":\"https:\/\/nonplusultra.eu\/de\/\"},{\"@type\":\"ListItem\",\"position\":2,\"name\":\"Contact\"}]},{\"@type\":\"WebSite\",\"@id\":\"https:\/\/nonplusultra.eu\/#website\",\"url\":\"https:\/\/nonplusultra.eu\/\",\"name\":\"nonplusultra\",\"description\":\"nonplusultra partners with consumer electronics brands to scale across EMEA with innovative retail solutions, omnichannel expertise, and data-driven strategies.\",\"publisher\":{\"@id\":\"https:\/\/nonplusultra.eu\/#organization\"},\"potentialAction\":[{\"@type\":\"SearchAction\",\"target\":{\"@type\":\"EntryPoint\",\"urlTemplate\":\"https:\/\/nonplusultra.eu\/?s={search_term_string}\"},\"query-input\":{\"@type\":\"PropertyValueSpecification\",\"valueRequired\":true,\"valueName\":\"search_term_string\"}}],\"inLanguage\":\"de-DE\"},{\"@type\":\"Organization\",\"@id\":\"https:\/\/nonplusultra.eu\/#organization\",\"name\":\"nonplusultra\",\"url\":\"https:\/\/nonplusultra.eu\/\",\"logo\":{\"@type\":\"ImageObject\",\"inLanguage\":\"de-DE\",\"@id\":\"https:\/\/nonplusultra.eu\/#\/schema\/logo\/image\/\",\"url\":\"https:\/\/nonplusultra.eu\/wp-content\/uploads\/2024\/08\/nonplusultra_logo_erfolgsgeschichte_scale_up_NOBG-color.svg\",\"contentUrl\":\"https:\/\/nonplusultra.eu\/wp-content\/uploads\/2024\/08\/nonplusultra_logo_erfolgsgeschichte_scale_up_NOBG-color.svg\",\"width\":151,\"height\":33,\"caption\":\"nonplusultra\"},\"image\":{\"@id\":\"https:\/\/nonplusultra.eu\/#\/schema\/logo\/image\/\"},\"sameAs\":[\"https:\/\/www.linkedin.com\/company\/nonplusultra\"]}]}<\/script>\n<!-- \/ Yoast SEO Premium plugin. -->","yoast_head_json":{"title":"Kontaktieren Sie uns f\u00fcr ihren Erfolg im Fachhandel","robots":{"index":"index","follow":"follow","max-snippet":"max-snippet:-1","max-image-preview":"max-image-preview:large","max-video-preview":"max-video-preview:-1"},"canonical":"https:\/\/nonplusultra.eu\/de\/contact\/","og_locale":"de_DE","og_type":"article","og_title":"Contact","og_description":"Reach for the Stars with nonplusultra Bei nonplusultra bieten wir erstklassige Services, die Marken im EMEA-Handelsmarkt erfolgreich machen. Interessiert? Kontaktieren Sie uns! Explore Retail Cosmos Together Bereit, Ihre Marke zu st\u00e4rken? Kontaktieren Sie noch heute Lisa Bierbrauer und lassen Sie uns gemeinsam durchstarten! E-Mail Lisa Bierbrauer F\u00fcr allgemeine Anfragen kontaktieren Sie uns bitte \u00fcber das [&hellip;]","og_url":"https:\/\/nonplusultra.eu\/de\/contact\/","og_site_name":"nonplusultra - Your EMEA Retail Growth Partners","article_modified_time":"2025-08-29T06:49:53+00:00","twitter_card":"summary_large_image","twitter_misc":{"Gesch\u00e4tzte Lesezeit":"1 Minute"},"schema":{"@context":"https:\/\/schema.org","@graph":[{"@type":"WebPage","@id":"https:\/\/nonplusultra.eu\/de\/contact\/","url":"https:\/\/nonplusultra.eu\/de\/contact\/","name":"Kontaktieren Sie uns f\u00fcr ihren Erfolg im Fachhandel","isPartOf":{"@id":"https:\/\/nonplusultra.eu\/#website"},"datePublished":"2023-08-04T09:12:20+00:00","dateModified":"2025-08-29T06:49:53+00:00","breadcrumb":{"@id":"https:\/\/nonplusultra.eu\/de\/contact\/#breadcrumb"},"inLanguage":"de-DE","potentialAction":[{"@type":"ReadAction","target":["https:\/\/nonplusultra.eu\/de\/contact\/"]}]},{"@type":"BreadcrumbList","@id":"https:\/\/nonplusultra.eu\/de\/contact\/#breadcrumb","itemListElement":[{"@type":"ListItem","position":1,"name":"Home","item":"https:\/\/nonplusultra.eu\/de\/"},{"@type":"ListItem","position":2,"name":"Contact"}]},{"@type":"WebSite","@id":"https:\/\/nonplusultra.eu\/#website","url":"https:\/\/nonplusultra.eu\/","name":"nonplusultra","description":"nonplusultra partners with consumer electronics brands to scale across EMEA with innovative retail solutions, omnichannel expertise, and data-driven strategies.","publisher":{"@id":"https:\/\/nonplusultra.eu\/#organization"},"potentialAction":[{"@type":"SearchAction","target":{"@type":"EntryPoint","urlTemplate":"https:\/\/nonplusultra.eu\/?s={search_term_string}"},"query-input":{"@type":"PropertyValueSpecification","valueRequired":true,"valueName":"search_term_string"}}],"inLanguage":"de-DE"},{"@type":"Organization","@id":"https:\/\/nonplusultra.eu\/#organization","name":"nonplusultra","url":"https:\/\/nonplusultra.eu\/","logo":{"@type":"ImageObject","inLanguage":"de-DE","@id":"https:\/\/nonplusultra.eu\/#\/schema\/logo\/image\/","url":"https:\/\/nonplusultra.eu\/wp-content\/uploads\/2024\/08\/nonplusultra_logo_erfolgsgeschichte_scale_up_NOBG-color.svg","contentUrl":"https:\/\/nonplusultra.eu\/wp-content\/uploads\/2024\/08\/nonplusultra_logo_erfolgsgeschichte_scale_up_NOBG-color.svg","width":151,"height":33,"caption":"nonplusultra"},"image":{"@id":"https:\/\/nonplusultra.eu\/#\/schema\/logo\/image\/"},"sameAs":["https:\/\/www.linkedin.com\/company\/nonplusultra"]}]}},"_links":{"self":[{"href":"https:\/\/nonplusultra.eu\/de\/wp-json\/wp\/v2\/pages\/1509"}],"collection":[{"href":"https:\/\/nonplusultra.eu\/de\/wp-json\/wp\/v2\/pages"}],"about":[{"href":"https:\/\/nonplusultra.eu\/de\/wp-json\/wp\/v2\/types\/page"}],"author":[{"embeddable":true,"href":"https:\/\/nonplusultra.eu\/de\/wp-json\/wp\/v2\/users\/1"}],"replies":[{"embeddable":true,"href":"https:\/\/nonplusultra.eu\/de\/wp-json\/wp\/v2\/comments?post=1509"}],"version-history":[{"count":38,"href":"https:\/\/nonplusultra.eu\/de\/wp-json\/wp\/v2\/pages\/1509\/revisions"}],"predecessor-version":[{"id":9029,"href":"https:\/\/nonplusultra.eu\/de\/wp-json\/wp\/v2\/pages\/1509\/revisions\/9029"}],"wp:attachment":[{"href":"https:\/\/nonplusultra.eu\/de\/wp-json\/wp\/v2\/media?parent=1509"}],"curies":[{"name":"wp","href":"https:\/\/api.w.org\/{rel}","templated":true}]}}