{"id":6807,"date":"2024-12-12T07:30:40","date_gmt":"2024-12-12T07:30:40","guid":{"rendered":"https:\/\/nonplusultra.eu\/?page_id=6807"},"modified":"2024-12-17T10:21:07","modified_gmt":"2024-12-17T10:21:07","slug":"press","status":"publish","type":"page","link":"https:\/\/nonplusultra.eu\/de\/press\/","title":{"rendered":"Press"},"content":{"rendered":"\t\t<div data-elementor-type=\"wp-page\" data-elementor-id=\"6807\" class=\"elementor elementor-6807\">\n\t\t\t\t\t\t<section class=\"elementor-section elementor-top-section elementor-element elementor-element-a76f228 elementor-section-boxed elementor-section-height-default elementor-section-height-default\" data-id=\"a76f228\" data-element_type=\"section\">\n\t\t\t\t\t\t<div class=\"elementor-container elementor-column-gap-default\">\n\t\t\t\t\t<div class=\"elementor-column elementor-col-100 elementor-top-column elementor-element elementor-element-06443fe\" data-id=\"06443fe\" data-element_type=\"column\">\n\t\t\t<div class=\"elementor-widget-wrap elementor-element-populated\">\n\t\t\t\t\t\t<div class=\"elementor-element elementor-element-1882ae4 elementor-widget elementor-widget-TextsImageSection\" data-id=\"1882ae4\" data-element_type=\"widget\" data-widget_type=\"TextsImageSection.default\">\n\t\t\t\t<div class=\"elementor-widget-container\">\n\t\t\t\t\t    \r\n    <div class=\"texts-image-section add_row_class spacing-small width-wide style-heading_col pos-image_right text-normal aligntext-to_media aligntext-to_media mobile-overlap\" row_class=\"texts-image-section-row\">\r\n        <div class=\"container\">\r\n            <div class=\"texts-image-section-inner animate fade-bottom\">\r\n                                \r\n                <div class=\"texts-image-content\">\r\n                    <div class=\"texts-image-content-inner\">\r\n\r\n                                                                    <div class=\"texts-image-heading size-bigger animate fade-left\">\r\n                              <h2>Press & News<\/h2>\r\n                          <\/div>\r\n                                          \r\n                                                <div class=\"texts-image bg-image load__image animate\" data-src=\"https:\/\/nonplusultra.eu\/wp-content\/uploads\/2024\/12\/DSCF3828-1-scaled.jpg\"><\/div>\r\n                                          <\/div>\r\n\r\n                    <div class=\"texts-section-content-inner animate\">\r\n                                                      <div class=\"texts-section-content\">\r\n                                  <div class=\"flex-shrink-0 flex flex-col relative items-end\"><div><div class=\"pt-0\"><div class=\"gizmo-bot-avatar flex h-8 w-8 items-center justify-center overflow-hidden rounded-full\"><h4 class=\"relative p-1 rounded-sm flex items-center justify-center bg-token-main-surface-primary text-token-text-primary h-8 w-8\"><strong>Stay in the loop with nonplusultra and our retail cosmos<\/strong><\/h4><\/div><\/div><\/div><\/div><p>Willkommen in unserem Presse- und Newsbereich. Hier erfahren Sie alles \u00fcber unsere neuesten Projekte and spannende Entwicklungen. Zudem finden Sie hier relevante Downloads, wie das MediaKit \u2013 kompakt und \u00fcbersichtlich.<\/p>                              <\/div>\r\n                                                                                                  <\/div>\r\n                <\/div>\r\n            <\/div>\r\n                    <\/div>\r\n    <\/div>\r\n\r\n    \t\t\t\t<\/div>\n\t\t\t\t<\/div>\n\t\t\t\t<div class=\"elementor-element elementor-element-030551d elementor-widget elementor-widget-PartnerNetworkSection\" data-id=\"030551d\" data-element_type=\"widget\" data-widget_type=\"PartnerNetworkSection.default\">\n\t\t\t\t<div class=\"elementor-widget-container\">\n\t\t\t\t\t    <div class=\"partner__list-section add_row_class spacing-normal\">\n      <div class=\"partner_list_items\">\n                    <div class=\"partner-section-head animate\">\n                <h2>Pressespiegel<\/h2>\n                                    <div class=\"subtitle\">nonplusultra im Rampenlicht der Medien! \nUnsere j\u00fcngste Berichterstattung zeigt, wie wir vision\u00e4re Tech-Marken auf den europ\u00e4ischen Markt bringen.<\/div>\n                            <\/div>\n                <div class=\"partner-slider-wrapper\">\n          <div class=\"partner-section-body animate\">\n              <div class=\"partner-section-slick\">\n                <div class=\"partner-section-wrapper partner-section-wrapper-list\" id=\"partner-list\">\n                                            <div class=\"partner-slide\" data-index=\"0\" >\n                          <div class=\"partner-slide-inner\">\n                            <div class=\"partner__image\">\n                                <img decoding=\"async\" class=\"load__image lazyload\" alt=\"scale-up-1.png\" src=\"https:\/\/nonplusultra.eu\/wp-content\/uploads\/2024\/12\/scale-up-1-1.png\"\/>\n                            <\/div>\n                                                          <a class=\"link-wrapper\" target=\"_blank\" href=\"https:\/\/www.scaleup.de\/erfolgsgeschichten\/nonplusultra\/\"><\/a>\n                                                      <\/div>\n                        <\/div>\n                                            <div class=\"partner-slide\" data-index=\"1\" >\n                          <div class=\"partner-slide-inner\">\n                            <div class=\"partner__image\">\n                                <img decoding=\"async\" class=\"load__image lazyload\" alt=\"765x431\" src=\"https:\/\/nonplusultra.eu\/wp-content\/uploads\/2024\/12\/765x431.webp\"\/>\n                            <\/div>\n                                                          <a class=\"link-wrapper\" target=\"_blank\" href=\"https:\/\/www.channelpartner.de\/a\/nonplusultra-vermarktet-space-x-starlink-ueber-einzelhandel,3617276\"><\/a>\n                                                      <\/div>\n                        <\/div>\n                                            <div class=\"partner-slide\" data-index=\"2\" >\n                          <div class=\"partner-slide-inner\">\n                            <div class=\"partner__image\">\n                                <img decoding=\"async\" class=\"load__image lazyload\" alt=\"media_177821763065e206e12c668f34e1af7cfd859e901\" src=\"https:\/\/nonplusultra.eu\/wp-content\/uploads\/2024\/12\/media_177821763065e206e12c668f34e1af7cfd859e901.webp\"\/>\n                            <\/div>\n                                                          <a class=\"link-wrapper\" target=\"_blank\" href=\"https:\/\/www.crn.de\/news\/4142084\/spacex-starlink-jetzt-im-retailvertrieb\"><\/a>\n                                                      <\/div>\n                        <\/div>\n                                            <div class=\"partner-slide\" data-index=\"3\" >\n                          <div class=\"partner-slide-inner\">\n                            <div class=\"partner__image\">\n                                <img decoding=\"async\" class=\"load__image lazyload\" alt=\"euronics starlink\" src=\"https:\/\/nonplusultra.eu\/wp-content\/uploads\/2024\/12\/Bildschirmfoto-2024-12-13-um-11.00.40.png\"\/>\n                            <\/div>\n                                                          <a class=\"link-wrapper\" target=\"_blank\" href=\"https:\/\/elektromarkt.de\/Handel\/Vertrieb-des-Starlink-Dienstes-startet\"><\/a>\n                                                      <\/div>\n                        <\/div>\n                                    <\/div> <!-- partner-section-wrapper -->\n              <\/div> <!-- partner-section-slick -->\n          <\/div> <!-- partner-section-body -->\n\n          <!-- Pagination Navigation -->\n          <div class=\"partner-pagination\">\n              <button id=\"prev-page\" class=\"slick-next slick-arrow\" style=\"transform: rotate(180deg);\" disabled><\/button>\n              <div>\n                <span id=\"current-page\">1<\/span> \/ <span id=\"total-pages\">1<\/span>\n              <\/div>\n              <button id=\"next-page\" class=\"slick-next slick-arrow\"><\/button>\n          <\/div>\n        <\/div>\n\n      <\/div> <!-- partner_list_items -->\n    <\/div> <!-- partner__list-section -->\n\n    <!-- Style -->\n    <style>\n      .partner_list_items {\n          display: grid!important;\n          grid-template-columns: auto 600px;\n      }\n      .partner__list-section {\n        max-width: 92%;\n        margin: auto; \n        padding-bottom: 60px;\n      }\n      .partner__list-section .slick-arrow {\n        width: 40px;\n        height: 40px;\n        background-color: var(--dark-gold);\n        bottom: -70px;\n        background-image: url(\"https:\/\/nonplusultra.eu\/wp-content\/themes\/nonplusultra\/images\/button-arrow.svg\");\n        background-repeat: no-repeat;\n        background-position: center center;\n        background-size: 20px;\n      }\n      .partner-section-body {\n        min-height: 556px;\n        width: 100%!important;\n      }\n      .partner-pagination {\n        display: flex;\n        justify-content: space-between;\n        align-items: center;\n      }\n      .partner-slider-wrapper {\n        display: flex;\n        flex-direction: column;\n        gap: 30px;\n      }\n      @media(max-width: 900px)\n      {\n        .partner_list_items {\n          grid-template-columns: 1fr;\n        }\n        .partner-section-body {\n          min-height: 512px;\n        }\n      }\n      @media(max-width: 480px)\n      {\n        .partner_list_items {\n          grid-template-columns: 1fr;\n        }\n        .partner-section-body {\n          min-height: unset;\n        }\n      }\n      .partner-slide {\n          opacity: 0;\n          transform: translateY(20px);\n          transition: opacity 0.4s ease-in-out, transform 0.4s ease-in-out;\n      }\n\n      .partner-slide.show {\n          opacity: 1;\n          transform: translateY(0);\n      }\n\n    <\/style>\n    <!-- JavaScript direkt hier einf\u00fcgen -->\n    <script>\n    document.addEventListener(\"DOMContentLoaded\", function() {\n        const itemsPerPage = 12;\n        let currentPage = 1;\n\n        const partnerItems = document.querySelectorAll(\".partner-slide\");\n        const totalPages = Math.ceil(partnerItems.length \/ itemsPerPage);\n\n        const prevButton = document.getElementById(\"prev-page\");\n        const nextButton = document.getElementById(\"next-page\");\n        const currentPageDisplay = document.getElementById(\"current-page\");\n\n        function showPage(page) {\n            let start = (page - 1) * itemsPerPage;\n            let end = start + itemsPerPage;\n\n            \/\/ Zuerst alle Partner ausblenden (ohne sofort umzustellen)\n            partnerItems.forEach((item, index) => {\n                if (index >= start && index < end) {\n                    item.classList.remove(\"show\"); \/\/ Entferne alte Animation\n                }\n            });\n\n            \/\/ Nach kurzer Verz\u00f6gerung die neuen Partner einblenden\n            setTimeout(() => {\n                partnerItems.forEach((item, index) => {\n                    item.style.display = (index >= start && index < end) ? \"block\" : \"none\";\n                });\n\n                setTimeout(() => {\n                    partnerItems.forEach((item, index) => {\n                        if (index >= start && index < end) {\n                            item.classList.add(\"show\"); \/\/ Fade-In aktivieren\n                        }\n                    });\n                }, 50); \/\/ Kurze Verz\u00f6gerung f\u00fcr die Anzeige\n            }, 150); \/\/ Verz\u00f6gerung f\u00fcr das Ausblenden\n\n            \/\/ Update der Navigation\n            currentPageDisplay.textContent = page;\n            prevButton.disabled = (page === 1);\n            nextButton.disabled = (page === totalPages);\n        }\n\n        prevButton.addEventListener(\"click\", function() {\n            if (currentPage > 1) {\n                currentPage--;\n                showPage(currentPage);\n            }\n        });\n\n        nextButton.addEventListener(\"click\", function() {\n            if (currentPage < totalPages) {\n                currentPage++;\n                showPage(currentPage);\n            }\n        });\n\n        \/\/ Starte mit der ersten Seite\n        showPage(currentPage);\n    });\n    <\/script>\n\n    \t\t\t\t<\/div>\n\t\t\t\t<\/div>\n\t\t\t\t\t<\/div>\n\t\t<\/div>\n\t\t\t\t\t<\/div>\n\t\t<\/section>\n\t\t\t\t<section class=\"elementor-section elementor-top-section elementor-element elementor-element-667b41e elementor-section-boxed elementor-section-height-default elementor-section-height-default\" data-id=\"667b41e\" data-element_type=\"section\">\n\t\t\t\t\t\t<div class=\"elementor-container elementor-column-gap-default\">\n\t\t\t\t\t<div class=\"elementor-column elementor-col-100 elementor-top-column elementor-element elementor-element-0be96ec\" data-id=\"0be96ec\" data-element_type=\"column\">\n\t\t\t<div class=\"elementor-widget-wrap elementor-element-populated\">\n\t\t\t\t\t\t<div class=\"elementor-element elementor-element-b60ad26 elementor-widget elementor-widget-TextsSection\" data-id=\"b60ad26\" data-element_type=\"widget\" data-widget_type=\"TextsSection.default\">\n\t\t\t\t<div class=\"elementor-widget-container\">\n\t\t\t\t\t    \r\n    <div class=\"texts-section add_row_class  animate fade-bottom align-left spacing-normal\" row_class=\"texts-section-row\">\r\n        <div class=\"container\">\r\n            <div class=\"texts-section-inner\">\r\n                                    <div class=\"title-section-content\">\r\n                        <h2><strong>Presseanfragen &amp; Material<\/strong><\/h2>                    <\/div>\r\n                \r\n                                    <div class=\"texts-section-content\">\r\n                        <p>Unser <strong>MediaKit<\/strong> enth\u00e4lt alles, was Sie f\u00fcr Ihre Berichterstattung ben\u00f6tigen \u2013 von Logos bis zu Hintergrundinformationen. F\u00fcr individuelle Fragen oder Interviewanfragen erreichen Sie uns direkt.<\/p><p><strong>Kontakt<\/strong>: Schreiben Sie uns an <a href=\"mailto:contact@nonplusultra.eu\">contact@nonplusultra.eu<\/a><\/p>                    <\/div>\r\n                \r\n                                    <div class=\"button-container button-container-noarrow\">\r\n                    <a class=\"button\" href=\"https:\/\/drive.google.com\/drive\/folders\/129KFCfEltydAKi0Scly3o_ZgkhCsSPQy?usp=sharing\" target=\"_blank\">Get MediaKit<\/a>\r\n                    <\/div>\r\n                            <\/div>\r\n        <\/div>\r\n    <\/div>\r\n\r\n    \t\t\t\t<\/div>\n\t\t\t\t<\/div>\n\t\t\t\t\t<\/div>\n\t\t<\/div>\n\t\t\t\t\t<\/div>\n\t\t<\/section>\n\t\t\t\t<\/div>\n\t\t","protected":false},"excerpt":{"rendered":"<p>Press &#038; News Stay in the loop with nonplusultra and our retail cosmos Willkommen in unserem Presse- und Newsbereich. Hier erfahren Sie alles \u00fcber unsere neuesten Projekte and spannende Entwicklungen. Zudem finden Sie hier relevante Downloads, wie das MediaKit \u2013 kompakt und \u00fcbersichtlich. Pressespiegel nonplusultra im Rampenlicht der Medien! Unsere j\u00fcngste Berichterstattung zeigt, wie wir [&hellip;]<\/p>\n","protected":false},"author":1,"featured_media":0,"parent":0,"menu_order":0,"comment_status":"closed","ping_status":"closed","template":"","meta":{"_acf_changed":false,"inline_featured_image":false,"footnotes":""},"class_list":["post-6807","page","type-page","status-publish","hentry"],"acf":[],"yoast_head":"<!-- This site is optimized with the Yoast SEO Premium plugin v25.4 (Yoast SEO v25.4) - https:\/\/yoast.com\/wordpress\/plugins\/seo\/ -->\n<title>Presse: Neuigkeiten, Medienberichte und Ank\u00fcndigungen<\/title>\n<meta name=\"robots\" content=\"index, follow, max-snippet:-1, max-image-preview:large, max-video-preview:-1\" \/>\n<link rel=\"canonical\" href=\"https:\/\/nonplusultra.eu\/de\/press\/\" \/>\n<meta property=\"og:locale\" content=\"de_DE\" \/>\n<meta property=\"og:type\" content=\"article\" \/>\n<meta property=\"og:title\" content=\"Press\" \/>\n<meta property=\"og:description\" content=\"Press &#038; News Stay in the loop with nonplusultra and our retail cosmos Willkommen in unserem Presse- und Newsbereich. Hier erfahren Sie alles \u00fcber unsere neuesten Projekte and spannende Entwicklungen. Zudem finden Sie hier relevante Downloads, wie das MediaKit \u2013 kompakt und \u00fcbersichtlich. Pressespiegel nonplusultra im Rampenlicht der Medien! Unsere j\u00fcngste Berichterstattung zeigt, wie wir [&hellip;]\" \/>\n<meta property=\"og:url\" content=\"https:\/\/nonplusultra.eu\/de\/press\/\" \/>\n<meta property=\"og:site_name\" content=\"nonplusultra - Your EMEA Retail Growth Partners\" \/>\n<meta property=\"article:modified_time\" content=\"2024-12-17T10:21:07+00:00\" \/>\n<meta property=\"og:image\" content=\"https:\/\/nonplusultra.eu\/wp-content\/uploads\/2024\/12\/scale-up-1-1.png\" \/>\n<meta name=\"twitter:card\" content=\"summary_large_image\" \/>\n<meta name=\"twitter:label1\" content=\"Gesch\u00e4tzte Lesezeit\" \/>\n\t<meta name=\"twitter:data1\" content=\"2 Minuten\" \/>\n<script type=\"application\/ld+json\" class=\"yoast-schema-graph\">{\"@context\":\"https:\/\/schema.org\",\"@graph\":[{\"@type\":\"WebPage\",\"@id\":\"https:\/\/nonplusultra.eu\/de\/press\/\",\"url\":\"https:\/\/nonplusultra.eu\/de\/press\/\",\"name\":\"Presse: Neuigkeiten, Medienberichte und Ank\u00fcndigungen\",\"isPartOf\":{\"@id\":\"https:\/\/nonplusultra.eu\/#website\"},\"primaryImageOfPage\":{\"@id\":\"https:\/\/nonplusultra.eu\/de\/press\/#primaryimage\"},\"image\":{\"@id\":\"https:\/\/nonplusultra.eu\/de\/press\/#primaryimage\"},\"thumbnailUrl\":\"https:\/\/nonplusultra.eu\/wp-content\/uploads\/2024\/12\/scale-up-1-1.png\",\"datePublished\":\"2024-12-12T07:30:40+00:00\",\"dateModified\":\"2024-12-17T10:21:07+00:00\",\"breadcrumb\":{\"@id\":\"https:\/\/nonplusultra.eu\/de\/press\/#breadcrumb\"},\"inLanguage\":\"de-DE\",\"potentialAction\":[{\"@type\":\"ReadAction\",\"target\":[\"https:\/\/nonplusultra.eu\/de\/press\/\"]}]},{\"@type\":\"ImageObject\",\"inLanguage\":\"de-DE\",\"@id\":\"https:\/\/nonplusultra.eu\/de\/press\/#primaryimage\",\"url\":\"https:\/\/nonplusultra.eu\/wp-content\/uploads\/2024\/12\/scale-up-1-1.png\",\"contentUrl\":\"https:\/\/nonplusultra.eu\/wp-content\/uploads\/2024\/12\/scale-up-1-1.png\"},{\"@type\":\"BreadcrumbList\",\"@id\":\"https:\/\/nonplusultra.eu\/de\/press\/#breadcrumb\",\"itemListElement\":[{\"@type\":\"ListItem\",\"position\":1,\"name\":\"Home\",\"item\":\"https:\/\/nonplusultra.eu\/de\/\"},{\"@type\":\"ListItem\",\"position\":2,\"name\":\"Press\"}]},{\"@type\":\"WebSite\",\"@id\":\"https:\/\/nonplusultra.eu\/#website\",\"url\":\"https:\/\/nonplusultra.eu\/\",\"name\":\"nonplusultra\",\"description\":\"nonplusultra partners with consumer electronics brands to scale across EMEA with innovative retail solutions, omnichannel expertise, and data-driven strategies.\",\"publisher\":{\"@id\":\"https:\/\/nonplusultra.eu\/#organization\"},\"potentialAction\":[{\"@type\":\"SearchAction\",\"target\":{\"@type\":\"EntryPoint\",\"urlTemplate\":\"https:\/\/nonplusultra.eu\/?s={search_term_string}\"},\"query-input\":{\"@type\":\"PropertyValueSpecification\",\"valueRequired\":true,\"valueName\":\"search_term_string\"}}],\"inLanguage\":\"de-DE\"},{\"@type\":\"Organization\",\"@id\":\"https:\/\/nonplusultra.eu\/#organization\",\"name\":\"nonplusultra\",\"url\":\"https:\/\/nonplusultra.eu\/\",\"logo\":{\"@type\":\"ImageObject\",\"inLanguage\":\"de-DE\",\"@id\":\"https:\/\/nonplusultra.eu\/#\/schema\/logo\/image\/\",\"url\":\"https:\/\/nonplusultra.eu\/wp-content\/uploads\/2024\/08\/nonplusultra_logo_erfolgsgeschichte_scale_up_NOBG-color.svg\",\"contentUrl\":\"https:\/\/nonplusultra.eu\/wp-content\/uploads\/2024\/08\/nonplusultra_logo_erfolgsgeschichte_scale_up_NOBG-color.svg\",\"width\":151,\"height\":33,\"caption\":\"nonplusultra\"},\"image\":{\"@id\":\"https:\/\/nonplusultra.eu\/#\/schema\/logo\/image\/\"},\"sameAs\":[\"https:\/\/www.linkedin.com\/company\/nonplusultra\"]}]}<\/script>\n<!-- \/ Yoast SEO Premium plugin. -->","yoast_head_json":{"title":"Presse: Neuigkeiten, Medienberichte und Ank\u00fcndigungen","robots":{"index":"index","follow":"follow","max-snippet":"max-snippet:-1","max-image-preview":"max-image-preview:large","max-video-preview":"max-video-preview:-1"},"canonical":"https:\/\/nonplusultra.eu\/de\/press\/","og_locale":"de_DE","og_type":"article","og_title":"Press","og_description":"Press &#038; News Stay in the loop with nonplusultra and our retail cosmos Willkommen in unserem Presse- und Newsbereich. Hier erfahren Sie alles \u00fcber unsere neuesten Projekte and spannende Entwicklungen. Zudem finden Sie hier relevante Downloads, wie das MediaKit \u2013 kompakt und \u00fcbersichtlich. Pressespiegel nonplusultra im Rampenlicht der Medien! Unsere j\u00fcngste Berichterstattung zeigt, wie wir [&hellip;]","og_url":"https:\/\/nonplusultra.eu\/de\/press\/","og_site_name":"nonplusultra - Your EMEA Retail Growth Partners","article_modified_time":"2024-12-17T10:21:07+00:00","og_image":[{"url":"https:\/\/nonplusultra.eu\/wp-content\/uploads\/2024\/12\/scale-up-1-1.png","type":"","width":"","height":""}],"twitter_card":"summary_large_image","twitter_misc":{"Gesch\u00e4tzte Lesezeit":"2 Minuten"},"schema":{"@context":"https:\/\/schema.org","@graph":[{"@type":"WebPage","@id":"https:\/\/nonplusultra.eu\/de\/press\/","url":"https:\/\/nonplusultra.eu\/de\/press\/","name":"Presse: Neuigkeiten, Medienberichte und Ank\u00fcndigungen","isPartOf":{"@id":"https:\/\/nonplusultra.eu\/#website"},"primaryImageOfPage":{"@id":"https:\/\/nonplusultra.eu\/de\/press\/#primaryimage"},"image":{"@id":"https:\/\/nonplusultra.eu\/de\/press\/#primaryimage"},"thumbnailUrl":"https:\/\/nonplusultra.eu\/wp-content\/uploads\/2024\/12\/scale-up-1-1.png","datePublished":"2024-12-12T07:30:40+00:00","dateModified":"2024-12-17T10:21:07+00:00","breadcrumb":{"@id":"https:\/\/nonplusultra.eu\/de\/press\/#breadcrumb"},"inLanguage":"de-DE","potentialAction":[{"@type":"ReadAction","target":["https:\/\/nonplusultra.eu\/de\/press\/"]}]},{"@type":"ImageObject","inLanguage":"de-DE","@id":"https:\/\/nonplusultra.eu\/de\/press\/#primaryimage","url":"https:\/\/nonplusultra.eu\/wp-content\/uploads\/2024\/12\/scale-up-1-1.png","contentUrl":"https:\/\/nonplusultra.eu\/wp-content\/uploads\/2024\/12\/scale-up-1-1.png"},{"@type":"BreadcrumbList","@id":"https:\/\/nonplusultra.eu\/de\/press\/#breadcrumb","itemListElement":[{"@type":"ListItem","position":1,"name":"Home","item":"https:\/\/nonplusultra.eu\/de\/"},{"@type":"ListItem","position":2,"name":"Press"}]},{"@type":"WebSite","@id":"https:\/\/nonplusultra.eu\/#website","url":"https:\/\/nonplusultra.eu\/","name":"nonplusultra","description":"nonplusultra partners with consumer electronics brands to scale across EMEA with innovative retail solutions, omnichannel expertise, and data-driven strategies.","publisher":{"@id":"https:\/\/nonplusultra.eu\/#organization"},"potentialAction":[{"@type":"SearchAction","target":{"@type":"EntryPoint","urlTemplate":"https:\/\/nonplusultra.eu\/?s={search_term_string}"},"query-input":{"@type":"PropertyValueSpecification","valueRequired":true,"valueName":"search_term_string"}}],"inLanguage":"de-DE"},{"@type":"Organization","@id":"https:\/\/nonplusultra.eu\/#organization","name":"nonplusultra","url":"https:\/\/nonplusultra.eu\/","logo":{"@type":"ImageObject","inLanguage":"de-DE","@id":"https:\/\/nonplusultra.eu\/#\/schema\/logo\/image\/","url":"https:\/\/nonplusultra.eu\/wp-content\/uploads\/2024\/08\/nonplusultra_logo_erfolgsgeschichte_scale_up_NOBG-color.svg","contentUrl":"https:\/\/nonplusultra.eu\/wp-content\/uploads\/2024\/08\/nonplusultra_logo_erfolgsgeschichte_scale_up_NOBG-color.svg","width":151,"height":33,"caption":"nonplusultra"},"image":{"@id":"https:\/\/nonplusultra.eu\/#\/schema\/logo\/image\/"},"sameAs":["https:\/\/www.linkedin.com\/company\/nonplusultra"]}]}},"_links":{"self":[{"href":"https:\/\/nonplusultra.eu\/de\/wp-json\/wp\/v2\/pages\/6807"}],"collection":[{"href":"https:\/\/nonplusultra.eu\/de\/wp-json\/wp\/v2\/pages"}],"about":[{"href":"https:\/\/nonplusultra.eu\/de\/wp-json\/wp\/v2\/types\/page"}],"author":[{"embeddable":true,"href":"https:\/\/nonplusultra.eu\/de\/wp-json\/wp\/v2\/users\/1"}],"replies":[{"embeddable":true,"href":"https:\/\/nonplusultra.eu\/de\/wp-json\/wp\/v2\/comments?post=6807"}],"version-history":[{"count":35,"href":"https:\/\/nonplusultra.eu\/de\/wp-json\/wp\/v2\/pages\/6807\/revisions"}],"predecessor-version":[{"id":7002,"href":"https:\/\/nonplusultra.eu\/de\/wp-json\/wp\/v2\/pages\/6807\/revisions\/7002"}],"wp:attachment":[{"href":"https:\/\/nonplusultra.eu\/de\/wp-json\/wp\/v2\/media?parent=6807"}],"curies":[{"name":"wp","href":"https:\/\/api.w.org\/{rel}","templated":true}]}}